{"id":50,"date":"2023-12-16T11:13:58","date_gmt":"2023-12-16T02:13:58","guid":{"rendered":"https:\/\/jpgs.jp\/?page_id=50"},"modified":"2024-05-28T23:20:03","modified_gmt":"2024-05-28T14:20:03","slug":"%e8%a6%b3%e5%85%89%e9%9c%80%e8%a6%81%e3%81%ae%e5%89%b5%e5%87%ba","status":"publish","type":"page","link":"https:\/\/jpgs.jp\/es\/?page_id=50","title":{"rendered":"Misi\u00f3n"},"content":{"rendered":"\n<h1 class=\"wp-block-heading\">&#8220;Generar y crear demanda tur\u00edstica&#8221;<\/h1>\n\n\n\n<p>Nuestra actividad se impulsa con la voluntad de no limitarnos solo a la creaci\u00f3n de demanda a trav\u00e9s de la promoci\u00f3n de las caracter\u00edsticas existentes en la regi\u00f3n, sino tambi\u00e9n de generar <strong>nuevas formas de &#8220;turismo y demanda&#8221;.<\/strong> Adem\u00e1s, buscamos resolver los problemas regionales a trav\u00e9s del turismo.<\/p>\n\n\n<div class=\"wp-block-image\">\n<figure class=\"aligncenter size-full is-resized\"><img loading=\"lazy\" decoding=\"async\" width=\"800\" height=\"929\" src=\"https:\/\/jpgs.jp\/es\/wp-content\/uploads\/2024\/05\/\u5171\u901a\u76ee\u7684\u56f3_es.png\" alt=\"\" class=\"wp-image-275\" style=\"width:654px;height:auto\"\/><\/figure>\n<\/div>\n\n\n<h2 class=\"wp-block-heading\">Plan de acci\u00f3n espec\u00edfico<\/h2>\n\n\n\n<h3 class=\"wp-block-heading\">\u2460Atracci\u00f3n de viajes educativos<\/h3>\n\n\n\n<p>Nos enfocaremos tanto en el mercado nacional como en el internacional. Buscaremos atraer turistas educativos que no se limiten solo a estudiantes y experiencias.<\/p>\n\n\n\n<h3 class=\"wp-block-heading\">\u2461Promoci\u00f3n del turismo inbound<\/h3>\n\n\n\n<p>Nos centraremos en los pa\u00edses conectados con los aeropuertos de Narita\/Haneda y buscaremos generar nueva demanda mediante una mayor colaboraci\u00f3n con los aeropuertos de Narita\/Haneda.<\/p>\n\n\n\n<h3 class=\"wp-block-heading\">\u2462Promoci\u00f3n de la residencia y la migraci\u00f3n (incluyendo el matrimonio)<\/h3>\n\n\n\n<p>Nuestro enfoque b\u00e1sico ser\u00e1 la atracci\u00f3n de turistas a trav\u00e9s de la residencia local (actividades para solteros no deseados). Buscaremos generar demanda a trav\u00e9s del desarrollo de actividades de matrimonio centradas en los viajes, evitar desajustes en la migraci\u00f3n y promover la residencia.<\/p>\n\n\n\n<h3 class=\"wp-block-heading\">\u2463Promoci\u00f3n del trabajo vacacional<\/h3>\n\n\n\n<p>Promoveremos actividades como &#8220;viajes (estancias cortas) que generen repetici\u00f3n de demanda&#8221;, &#8220;estancias \u2192 residencia en dos ubicaciones \u2192 migraci\u00f3n \u2192 residencia&#8221; y &#8220;creaci\u00f3n de demanda como base para los lugares de trabajo vacacionales de las empresas&#8221;.<\/p>\n\n\n\n<h3 class=\"wp-block-heading\">\u2464Promoci\u00f3n de DX tur\u00edstico y seminarios<\/h3>\n\n\n\n<p>Introduciremos el DX tur\u00edstico y organizaremos talleres, seminarios, etc., para complementar la falta de personal y realizar actividades de manera m\u00e1s eficiente.<\/p>\n\n\n\n<h3 class=\"wp-block-heading\">\u2465Promoci\u00f3n de medidas para casas vac\u00edas<\/h3>\n\n\n\n<p>Promoveremos la conversi\u00f3n de casas vac\u00edas en alojamientos y obtendremos certificaciones internacionales como Albergo Diffuso mientras trabajamos en la resoluci\u00f3n de problemas regionales, como las casas vac\u00edas.<\/p>\n","protected":false},"excerpt":{"rendered":"&#8220;Generar y crear demanda tur\u00edstica&#8221; Nuestra actividad se impulsa con la voluntad de no limitarnos solo a la creaci\u00f3n de demanda a trav\u00e9s de la...","protected":false},"author":2,"featured_media":0,"parent":0,"menu_order":0,"comment_status":"closed","ping_status":"closed","template":"","meta":{"footnotes":""},"class_list":["post-50","page","type-page","status-publish","hentry"],"_links":{"self":[{"href":"https:\/\/jpgs.jp\/es\/index.php?rest_route=\/wp\/v2\/pages\/50","targetHints":{"allow":["GET"]}}],"collection":[{"href":"https:\/\/jpgs.jp\/es\/index.php?rest_route=\/wp\/v2\/pages"}],"about":[{"href":"https:\/\/jpgs.jp\/es\/index.php?rest_route=\/wp\/v2\/types\/page"}],"author":[{"embeddable":true,"href":"https:\/\/jpgs.jp\/es\/index.php?rest_route=\/wp\/v2\/users\/2"}],"replies":[{"embeddable":true,"href":"https:\/\/jpgs.jp\/es\/index.php?rest_route=%2Fwp%2Fv2%2Fcomments&post=50"}],"version-history":[{"count":7,"href":"https:\/\/jpgs.jp\/es\/index.php?rest_route=\/wp\/v2\/pages\/50\/revisions"}],"predecessor-version":[{"id":284,"href":"https:\/\/jpgs.jp\/es\/index.php?rest_route=\/wp\/v2\/pages\/50\/revisions\/284"}],"wp:attachment":[{"href":"https:\/\/jpgs.jp\/es\/index.php?rest_route=%2Fwp%2Fv2%2Fmedia&parent=50"}],"curies":[{"name":"wp","href":"https:\/\/api.w.org\/{rel}","templated":true}]}}