{"id":46,"date":"2023-12-16T11:12:25","date_gmt":"2023-12-16T02:12:25","guid":{"rendered":"https:\/\/jpgs.jp\/?page_id=46"},"modified":"2025-02-19T17:54:29","modified_gmt":"2025-02-19T08:54:29","slug":"%e4%bc%9a%e7%a4%be%e6%a6%82%e8%a6%81","status":"publish","type":"page","link":"https:\/\/jpgs.jp\/es\/?page_id=46","title":{"rendered":"Qui\u00e9nes somos"},"content":{"rendered":"\n<figure class=\"wp-block-table\"><table><tbody><tr><td>Nombre de la empresa<\/td><td>JIJI PRESS GLOCAL SERVICES INC.<\/td><\/tr><tr><td>Nombre en ingl\u00e9s:&nbsp;<\/td><td>JIJI PRESS GLOCAL SERVICES INC. (abreviado: JPGS)<\/td><\/tr><tr><td>Establecimiento<\/td><td>1 de noviembre de 2023 (Reiwa 5)<\/td><\/tr><tr><td>Direcci\u00f3n<\/td><td>227-15 Ebado, Misaki-cho, Isumi-shi, Chiba 299-4612 (Oficina central)<br>Kyowa Homes Enju Ochanomizu Building 3F, 2-17-2 Sotokanda, Chiyoda-ku, Tokio 101-0021 (Oficina de Tokio)<\/td><\/tr><tr><td>Capital<\/td><td>10 millones de yenes (100% propiedad de Jiji Press Ltd.)<\/td><\/tr><tr><td>N\u00famero de empleados<\/td><td>11 personas [3 a tiempo completo (1 empleado regular, 2 destacados), 8 a tiempo parcial (8 contratistas)]<\/td><\/tr><tr><td>Representante<\/td><td>Director Presidente (CEO) Ichiro Sugimoto<\/td><\/tr><tr><td>Organizaciones gubernamentales locales asociadasNombre del departamento responsable<\/td><td>\u30fbPrefectura de Chiba (coordinaci\u00f3n de 2 ciudades y 2 pueblos)<br>\u30fbCiudad de Katsuura, Departamento de Turismo y Comercio (coordinaci\u00f3n del consenso regional dentro de la ciudad de Katsuura)<br>\u30fbCiudad de Isumi, Departamento de Pesca, Comercio y Turismo (coordinaci\u00f3n del consenso regional dentro de la ciudad de Isumi)<br>\u30fbPueblo de Otaki, Departamento de Comercio y Turismo (coordinaci\u00f3n del consenso regional dentro del pueblo de Otaki)<br>\u30fbPueblo de Onjuku, Departamento de Industria y Turismo (coordinaci\u00f3n del consenso regional dentro del pueblo de Onjuku)<\/td><\/tr><tr><td>Empresas asociadas<\/td><td>\u30fbJiji Press Ltd. (establecimiento de la corporaci\u00f3n\/recolecci\u00f3n de ejemplos avanzados de otros gobiernos locales\/creaci\u00f3n de conexiones con ministerios y agencias centrales\/organizaci\u00f3n de emparejamientos y arreglos comerciales con empresas privadas)<br>\u30fbAsociaci\u00f3n General Incorporada de Estancias en Granjas de Jap\u00f3n (promoci\u00f3n pr\u00e1ctica de proyectos de turismo y alojamiento rural\/arreglos y emparejamientos con empresas privadas en proyectos tur\u00edsticos)<br>\u30fbAsociaci\u00f3n General Incorporada de Investigaci\u00f3n de Situaciones Nacionales e Internacionales (recolecci\u00f3n de ejemplos exitosos de otras prefecturas y gobiernos locales\/entrevistas\/organizaci\u00f3n de conferencias)<br>\u30fbAsociaci\u00f3n General Incorporada de Investigaci\u00f3n de Administraci\u00f3n Local y Finanzas (recolecci\u00f3n de ejemplos exitosos de otras prefecturas y gobiernos locales\/entrevistas)\u30fbAsociaci\u00f3n General Incorporada de Encuestas Centrales (apoyo en proyectos de investigaci\u00f3n)<br>\u30fbAsociaci\u00f3n General Incorporada de Albergo Diffuso Internacional Rama del Extremo Oriente (apoyo como organizaci\u00f3n de certificaci\u00f3n internacional)\u30fbAsociaci\u00f3n General Incorporada de Alojamiento en Residencias (cooperaci\u00f3n en la elaboraci\u00f3n de estrategias DX de turismo\/conexi\u00f3n con OTA)<br>\u30fbWakuwaku Company Otaki Co., Ltd. (cooperaci\u00f3n en proyectos tur\u00edsticos regionales)\u30fbAsociaci\u00f3n de Turismo de la Ciudad de Katsuura (cooperaci\u00f3n en proyectos tur\u00edsticos regionales)<br>\u30fbTurismo Isumi (cooperaci\u00f3n en proyectos tur\u00edsticos regionales)\u30fbAsociaci\u00f3n de Turismo del Pueblo de Otaki (cooperaci\u00f3n en proyectos tur\u00edsticos regionales)<br>\u30fbAsociaci\u00f3n de Turismo del Pueblo de Onjuku (cooperaci\u00f3n en proyectos tur\u00edsticos regionales)<\/td><\/tr><\/tbody><\/table><\/figure>\n\n\n\n<h2 class=\"wp-block-heading\">Experiencia de los ejecutivos<\/h2>\n\n\n\n<h3 class=\"wp-block-heading\">Presidente y Director General (CEO) Ichiro Sugimoto<\/h3>\n\n\n\n<p>Auditor de la Asociaci\u00f3n General Incorporada de Investigaci\u00f3n de Situaciones Nacionales e Internacionales<br>Director de la Asociaci\u00f3n General Incorporada de Investigaci\u00f3n de Administraci\u00f3n Local y Finanzas<br>Secretario General de la Asociaci\u00f3n General Incorporada de Estancias en Granjas de Jap\u00f3n<\/p>\n\n\n\n<figure class=\"wp-block-table\"><table class=\"no_frame\"><tbody><tr><td>2012<\/td><td>Director de la Oficina de Chiba de Jiji Press Co., Ltd.<br>Organiz\u00f3 y celebr\u00f3 el &#8220;Simposio de Turismo de la Regi\u00f3n Amplia de Minami Boso&#8221;<\/td><\/tr><tr><td>2015<\/td><td>Director del Departamento de Estrategia Empresarial de la Oficina del Presidente de Jiji Press Co., Ltd.<\/td><\/tr><tr><td>2018<\/td><td>Director de la Oficina de Osaka de Jiji Press Co., Ltd.<\/td><\/tr><tr><td>2020<\/td><td>Adjunto a la Oficina del Presidente de Jiji Press Co., Ltd.<\/td><\/tr><tr><td>2021<\/td><td>Nombrado Director de Jiji Press Co., Ltd.<\/td><\/tr><tr><td>Actualmente<\/td><td>Director de Jiji Press Co., Ltd. Encargado del Departamento de Negocios (responsable de proyectos de revitalizaci\u00f3n regional)<br>Encargado del Departamento de Desarrollo de Sistemas<\/td><\/tr><\/tbody><\/table><\/figure>\n\n\n\n<h3 class=\"wp-block-heading\">CMO Yasuhiro Kamiyama<\/h3>\n\n\n\n<p>Presidente y Director General de Hyakusenrenma, Inc.<br>Director General de la Asociaci\u00f3n General Incorporada de Estancias en Granjas de Jap\u00f3n<br>Director General de la Asociaci\u00f3n General Incorporada de Alojamiento en Residencias de Jap\u00f3n<br>Director General de la Rama del Extremo Oriente de la Asociaci\u00f3n General Incorporada de Albergo Diffuso Internacional<br>Miembro del Comit\u00e9 de Expertos en Utilizaci\u00f3n de Recursos Hist\u00f3ricos de la Agencia de Turismo de Jap\u00f3n<br>Experto en Castillos de la Agencia de Turismo de Jap\u00f3n<br>Profesor adjunto en la Universidad Metropolitana de Tokio<\/p>\n\n\n\n<h3 class=\"wp-block-heading\">CFO Takashi Yonemochi<\/h3>\n\n\n\n<p>Director del Departamento de Negocios de la Asociaci\u00f3n General Incorporada de Estancias en Granjas de Jap\u00f3n<\/p>\n","protected":false},"excerpt":{"rendered":"Nombre de la empresa JIJI PRESS GLOCAL SERVICES INC. Nombre en ingl\u00e9s:&nbsp; JIJI PRESS GLOCAL SERVICES INC. (abreviado: JPGS) Establecimiento 1 de noviem...","protected":false},"author":2,"featured_media":0,"parent":0,"menu_order":0,"comment_status":"closed","ping_status":"closed","template":"","meta":{"footnotes":""},"class_list":["post-46","page","type-page","status-publish","hentry"],"_links":{"self":[{"href":"https:\/\/jpgs.jp\/es\/index.php?rest_route=\/wp\/v2\/pages\/46","targetHints":{"allow":["GET"]}}],"collection":[{"href":"https:\/\/jpgs.jp\/es\/index.php?rest_route=\/wp\/v2\/pages"}],"about":[{"href":"https:\/\/jpgs.jp\/es\/index.php?rest_route=\/wp\/v2\/types\/page"}],"author":[{"embeddable":true,"href":"https:\/\/jpgs.jp\/es\/index.php?rest_route=\/wp\/v2\/users\/2"}],"replies":[{"embeddable":true,"href":"https:\/\/jpgs.jp\/es\/index.php?rest_route=%2Fwp%2Fv2%2Fcomments&post=46"}],"version-history":[{"count":31,"href":"https:\/\/jpgs.jp\/es\/index.php?rest_route=\/wp\/v2\/pages\/46\/revisions"}],"predecessor-version":[{"id":351,"href":"https:\/\/jpgs.jp\/es\/index.php?rest_route=\/wp\/v2\/pages\/46\/revisions\/351"}],"wp:attachment":[{"href":"https:\/\/jpgs.jp\/es\/index.php?rest_route=%2Fwp%2Fv2%2Fmedia&parent=46"}],"curies":[{"name":"wp","href":"https:\/\/api.w.org\/{rel}","templated":true}]}}