{"id":326,"date":"2024-07-02T00:44:32","date_gmt":"2024-07-01T15:44:32","guid":{"rendered":"https:\/\/jpgs.jp\/es\/?page_id=326"},"modified":"2024-07-24T23:23:23","modified_gmt":"2024-07-24T14:23:23","slug":"ciudad-de-onjuku","status":"publish","type":"page","link":"https:\/\/jpgs.jp\/es\/?page_id=326","title":{"rendered":"Pueblo de Onjuku"},"content":{"rendered":"\n<p class=\"catchcopy\">A poca distancia de la estaci\u00f3n se encuentra una hermosa playa y, junto con las palmeras que crecen por doquier, se crea un ambiente de resort. Con un clima fresco en verano y c\u00e1lido en invierno, se puede disfrutar de una variedad de actividades durante todo el a\u00f1o.<\/p>\n\n\n<div class=\"wp-block-image\">\n<figure class=\"aligncenter size-large\"><img decoding=\"async\" src=\"https:\/\/jpgs.jp\/wp-content\/uploads\/2024\/06\/image-2-1024x565.png\" alt=\"\" class=\"wp-image-297\"\/><\/figure>\n<\/div>\n\n\n<h2 class=\"wp-block-heading\">Descripci\u00f3n de Onjuku<\/h2>\n\n\n<div class=\"wp-block-image\">\n<figure class=\"aligncenter size-full is-resized\"><img decoding=\"async\" src=\"https:\/\/jpgs.jp\/wp-content\/uploads\/2024\/06\/\u5fa1\u5bbf\u753a12443_20170401.png\" alt=\"\" class=\"wp-image-285\" style=\"width:598px;height:auto\"\/><\/figure>\n<\/div>\n\n\n<figure class=\"wp-block-table\"><table><tbody><tr><td>Alcalde<\/td><td>Yoshihiro Ishida<\/td><\/tr><tr><td>Direcci\u00f3n del ayuntamiento<\/td><td>1522, Suga, Ciudad de Onjuku, Distrito de Isumi, Prefectura de Chiba<\/td><\/tr><tr><td>N\u00famero de tel\u00e9fono<\/td><td>0470-68-2511<\/td><\/tr><tr><td>Poblaci\u00f3n<\/td><td>7.114 (a 1 de enero de 2023)<\/td><\/tr><tr><td>Superficie<\/td><td>24,85 km<sup>2<\/sup><\/td><\/tr><tr><td>Emblema de la ciudad<\/td><td><img decoding=\"async\" src=\"https:\/\/jpgs.jp\/?attachment_id=272\"><\/td><\/tr><tr><td>Ingresos<\/td><td>4.532.894&nbsp;JPY (FY2022)<\/td><\/tr><tr><td>Gastos<\/td><td>4.169.033&nbsp;JPY (FY2022)<\/td><\/tr><tr><td>URL<\/td><td><a href=\"http:\/\/www.town.onjuku.chiba.jp\/\">http:\/\/www.town.onjuku.chiba.jp\/<\/a><\/td><\/tr><tr><td>Historia<\/td><td>Combinado (1955) Pueblo de Onjuku, Namihana (parte), Fuse (parte)<\/td><\/tr><\/tbody><\/table><\/figure>\n\n\n\n<h2 class=\"wp-block-heading\">Personaje S\u00edmbolo de Onjuku &#8220;Ebi Amigo&#8221;<\/h2>\n\n\n<div class=\"wp-block-image\">\n<figure class=\"aligncenter size-large is-resized\"><img decoding=\"async\" src=\"https:\/\/jpgs.jp\/wp-content\/uploads\/2024\/07\/\u3010\u30a8\u30d2\u3099\u30a2\u30df\u30fc\u30b3\u3099\u3011-872x1024.jpg\" alt=\"\" class=\"wp-image-379\" style=\"width:348px;height:auto\"\/><\/figure>\n<\/div>\n\n\n<p class=\"has-text-align-left\">Ebi Amigo es un personaje que incorpora elementos del producto local de Onjuku, la &#8220;langosta Ise&#8221;, el &#8220;surf&#8221; que se puede experimentar en la playa que inspir\u00f3 la canci\u00f3n infantil &#8220;Tsuki no Sabaku&#8221; (Desierto de la Luna), y la conexi\u00f3n hist\u00f3rica con M\u00e9xico, debido al hecho de que en 1609 un barco de la regi\u00f3n de M\u00e9xico (entonces un territorio espa\u00f1ol) lleg\u00f3 a la deriva a Onjuku y fue rescatado por los aldeanos.<\/p>\n\n\n\n<figure class=\"wp-block-table\"><table><tbody><tr><td>Caracter\u00edsticas<\/td><td>Un ni\u00f1o camar\u00f3n que es un estudiante de primaria viviendo en Onjuku.<br>Lleno de energ\u00eda y muy curioso.<br>Le encanta participar en diversos eventos y hacer muchos amigos.<br>Su novia es &#8220;Ebi Se\u00f1orita&#8221;.<\/td><\/tr><tr><td>Habilidad especial<\/td><td>Surf<\/td><\/tr><tr><td>Cosas favoritas<\/td><td>Tacos<\/td><\/tr><tr><td>Cosas que no le gustan<\/td><td>Cuervos<\/td><\/tr><tr><td>Composici\u00f3n familiar<\/td><td>Padre: Ebi Padre<br>Madre: Ebi Madre<br>Hermana menor: Ebi Peque\u00f1o<\/td><\/tr><\/tbody><\/table><\/figure>\n\n\n\n<h2 class=\"wp-block-heading\">Enlaces relacionados<\/h2>\n\n\n\n<ul class=\"wp-block-list\">\n<li><a href=\"https:\/\/onjuku-kankou.com\/\">Asociaci\u00f3n de Turismo de Onjuku<\/a><\/li>\n<\/ul>\n","protected":false},"excerpt":{"rendered":"A poca distancia de la estaci\u00f3n se encuentra una hermosa playa y, junto con las palmeras que crecen por doquier, se crea un ambiente de resort. Con un cli...","protected":false},"author":2,"featured_media":0,"parent":0,"menu_order":0,"comment_status":"closed","ping_status":"closed","template":"","meta":{"footnotes":""},"class_list":["post-326","page","type-page","status-publish","hentry"],"_links":{"self":[{"href":"https:\/\/jpgs.jp\/es\/index.php?rest_route=\/wp\/v2\/pages\/326","targetHints":{"allow":["GET"]}}],"collection":[{"href":"https:\/\/jpgs.jp\/es\/index.php?rest_route=\/wp\/v2\/pages"}],"about":[{"href":"https:\/\/jpgs.jp\/es\/index.php?rest_route=\/wp\/v2\/types\/page"}],"author":[{"embeddable":true,"href":"https:\/\/jpgs.jp\/es\/index.php?rest_route=\/wp\/v2\/users\/2"}],"replies":[{"embeddable":true,"href":"https:\/\/jpgs.jp\/es\/index.php?rest_route=%2Fwp%2Fv2%2Fcomments&post=326"}],"version-history":[{"count":3,"href":"https:\/\/jpgs.jp\/es\/index.php?rest_route=\/wp\/v2\/pages\/326\/revisions"}],"predecessor-version":[{"id":342,"href":"https:\/\/jpgs.jp\/es\/index.php?rest_route=\/wp\/v2\/pages\/326\/revisions\/342"}],"wp:attachment":[{"href":"https:\/\/jpgs.jp\/es\/index.php?rest_route=%2Fwp%2Fv2%2Fmedia&parent=326"}],"curies":[{"name":"wp","href":"https:\/\/api.w.org\/{rel}","templated":true}]}}