{"id":324,"date":"2024-07-02T00:41:26","date_gmt":"2024-07-01T15:41:26","guid":{"rendered":"https:\/\/jpgs.jp\/es\/?page_id=324"},"modified":"2024-07-02T01:02:02","modified_gmt":"2024-07-01T16:02:02","slug":"ciudad-de-otaki","status":"publish","type":"page","link":"https:\/\/jpgs.jp\/es\/?page_id=324","title":{"rendered":"Pueblo de \u014ctaki"},"content":{"rendered":"\n<p class=\"catchcopy\">A solo una hora y media de Tokio, parece otro mundo. Como antiguo pueblo castillo, ofrece una imagen pr\u00f3spera y se puede disfrutar de los paisajes de las cuatro estaciones en su entorno rural. No dejes de experimentar la atm\u00f3sfera \u00fanica y los ricos paisajes naturales que solo aqu\u00ed puedes encontrar.<\/p>\n\n\n<div class=\"wp-block-image\">\n<figure class=\"aligncenter size-large\"><img decoding=\"async\" src=\"https:\/\/jpgs.jp\/wp-content\/uploads\/2024\/06\/image-1-1024x570.png\" alt=\"\" class=\"wp-image-292\"\/><\/figure>\n<\/div>\n\n\n<h2 class=\"wp-block-heading\">Descripci\u00f3n de la ciudad de \u014ctaki<\/h2>\n\n\n<div class=\"wp-block-image\">\n<figure class=\"aligncenter size-full is-resized\"><img decoding=\"async\" src=\"https:\/\/jpgs.jp\/wp-content\/uploads\/2024\/06\/\u5927\u591a\u559c\u753a12441_20170401.png\" alt=\"\" class=\"wp-image-286\" style=\"width:582px;height:auto\"\/><\/figure>\n<\/div>\n\n\n<figure class=\"wp-block-table\"><table><tbody><tr><td>Alcalde<\/td><td>Noboru Hirabayashi<\/td><\/tr><tr><td>Direcci\u00f3n del Ayuntamiento<\/td><td>93, Otaki, Ciudad de Otaki, Distrito de Isumi, Prefectura de Chiba<\/td><\/tr><tr><td>N\u00famero de tel\u00e9fono<\/td><td>0470-82-2111<\/td><\/tr><tr><td>Poblaci\u00f3n<\/td><td>8.365 (a 1 de enero de 2023)<\/td><\/tr><tr><td>Superficie<\/td><td>129,87 km<sup>2<\/sup><\/td><\/tr><tr><td>Emblema de la ciudad<\/td><td><img decoding=\"async\" src=\"https:\/\/jpgs.jp\/?attachment_id=270\"><\/td><\/tr><tr><td>Ingresos<\/td><td>6.536.675\u00a0JPY (FY2022)<\/td><\/tr><tr><td>Gastos<\/td><td>5.936.535 JPY (FY2022)<\/td><\/tr><tr><td>URL<\/td><td><a href=\"http:\/\/www.town.otaki.chiba.jp\/\">http:\/\/www.town.otaki.chiba.jp\/<\/a><\/td><\/tr><tr><td>Historia<\/td><td>Combinaci\u00f3n (1954) de los pueblos de Oikawa, Nishihata, Fusamoto, Kamitaki y Otaki<\/td><\/tr><\/tbody><\/table><\/figure>\n\n\n\n<h2 class=\"wp-block-heading\">Otakki, un personaje local<\/h2>\n\n\n\n<p>Los ni\u00f1os que estudiaban la historia y cultura de \u014ctaki comenzaron a conocer los encantos de la ciudad y a sentir un fuerte deseo de que m\u00e1s personas supieran sobre su amada \u014ctaki. Este sentimiento se fue haciendo m\u00e1s fuerte d\u00eda a d\u00eda, y finalmente, un d\u00eda, se materializ\u00f3 en la forma de \u201cOtakki\u201d. Su apariencia est\u00e1 basada en el se\u00f1or samur\u00e1i del per\u00edodo Sengoku, Honda Tadakatsu, que est\u00e1 relacionado con \u014ctaki, y viste una armadura que incorpora lugares de inter\u00e9s y productos famosos de \u014ctaki. Para agradecer a los ni\u00f1os, ahora promueve \u014ctaki tanto dentro como fuera de la ciudad en su nombre.<\/p>\n\n\n<div class=\"wp-block-image\">\n<figure class=\"aligncenter size-full\"><img decoding=\"async\" src=\"https:\/\/jpgs.jp\/wp-content\/uploads\/2024\/06\/otakki_castle_l.png\" alt=\"\" class=\"wp-image-319\"\/><figcaption class=\"wp-element-caption\">Imagen personaje &#8216;Otakki<\/figcaption><\/figure>\n<\/div>\n\n\n<ul class=\"wp-block-list\">\n<li>Fecha de nacimiento: 1 de abril<\/li>\n\n\n\n<li>Direcci\u00f3n: Otaki Town Tourist Honjin<\/li>\n\n\n\n<li>Personalidad: alegre, en\u00e9rgico, amable y fiable<\/li>\n\n\n\n<li>Gustos: el Festival del Castillo de Otaki, las hojas de oto\u00f1o en el desfiladero de Yoro y el ferrocarril de Isumi.<\/li>\n\n\n\n<li>Lugares favoritos: el castillo de Ootaki, el valle de Yoro<\/li>\n\n\n\n<li>Habilidades especiales:\n<ul class=\"wp-block-list\">\n<li>S\u00e9 mucho de historia.<\/li>\n\n\n\n<li>Dar mucho placer a la gente que conozco y a la que doy la mano.<\/li>\n\n\n\n<li>Poder hacer realidad los deseos con mi lanza (s\u00f3lo para los ni\u00f1os).<\/li>\n<\/ul>\n<\/li>\n\n\n\n<li>Persona respetada: Honda Tadakatsu<\/li>\n\n\n\n<li>Sue\u00f1o: \u00a1Hacer de Otaki la mejor ciudad de Jap\u00f3n!<\/li>\n<\/ul>\n\n\n\n<h3 class=\"wp-block-heading\"><strong>Historia del nacimiento de Otakki.<\/strong><\/h3>\n\n\n\n<p>Akihiro Fukuda, un dise\u00f1ador gr\u00e1fico de Otaki, elabor\u00f3 un plan de dise\u00f1o para Otaki-cho, y el personaje se eligi\u00f3 a trav\u00e9s de una encuesta realizada a estudiantes de primaria y secundaria de la ciudad.<\/p>\n\n\n\n<h2 class=\"wp-block-heading\">Enlaces relacionados<\/h2>\n\n\n\n<ul class=\"wp-block-list\">\n<li><a href=\"https:\/\/kankouotaki.com\/\">Asociaci\u00f3n de Turismo de Otaki<\/a><\/li>\n\n\n\n<li><a href=\"https:\/\/wakuwakuotaki.jp\/company\/\">Empresa Wakuwaku Otaki Co.<\/a><\/li>\n<\/ul>\n","protected":false},"excerpt":{"rendered":"A solo una hora y media de Tokio, parece otro mundo. Como antiguo pueblo castillo, ofrece una imagen pr\u00f3spera y se puede disfrutar de los paisajes de las ...","protected":false},"author":2,"featured_media":0,"parent":0,"menu_order":0,"comment_status":"closed","ping_status":"closed","template":"","meta":{"footnotes":""},"class_list":["post-324","page","type-page","status-publish","hentry"],"_links":{"self":[{"href":"https:\/\/jpgs.jp\/es\/index.php?rest_route=\/wp\/v2\/pages\/324","targetHints":{"allow":["GET"]}}],"collection":[{"href":"https:\/\/jpgs.jp\/es\/index.php?rest_route=\/wp\/v2\/pages"}],"about":[{"href":"https:\/\/jpgs.jp\/es\/index.php?rest_route=\/wp\/v2\/types\/page"}],"author":[{"embeddable":true,"href":"https:\/\/jpgs.jp\/es\/index.php?rest_route=\/wp\/v2\/users\/2"}],"replies":[{"embeddable":true,"href":"https:\/\/jpgs.jp\/es\/index.php?rest_route=%2Fwp%2Fv2%2Fcomments&post=324"}],"version-history":[{"count":2,"href":"https:\/\/jpgs.jp\/es\/index.php?rest_route=\/wp\/v2\/pages\/324\/revisions"}],"predecessor-version":[{"id":339,"href":"https:\/\/jpgs.jp\/es\/index.php?rest_route=\/wp\/v2\/pages\/324\/revisions\/339"}],"wp:attachment":[{"href":"https:\/\/jpgs.jp\/es\/index.php?rest_route=%2Fwp%2Fv2%2Fmedia&parent=324"}],"curies":[{"name":"wp","href":"https:\/\/api.w.org\/{rel}","templated":true}]}}